{"id":2479,"date":"2025-10-14T15:22:11","date_gmt":"2025-10-14T15:22:11","guid":{"rendered":"https:\/\/cantorras.es\/?post_type=product&#038;p=2479"},"modified":"2025-12-29T14:22:19","modified_gmt":"2025-12-29T12:22:19","slug":"gama-peptide-perro-adulto-sin-cereales-cuidado-digestivo-gastrointestinal","status":"publish","type":"product","link":"https:\/\/cantorras.es\/en\/producto\/gama-peptide-perro-adulto-sin-cereales-cuidado-digestivo-gastrointestinal\/","title":{"rendered":"Gama Peptide + Perro adulto"},"content":{"rendered":"<p data-start=\"90\" data-end=\"170\"><strong data-start=\"90\" data-end=\"168\">Alimento completo para perros adultos \u2013 Cuidado digestivo gastrointestinal<\/strong><\/p>\n<p data-start=\"172\" data-end=\"523\">Formulado con <strong data-start=\"186\" data-end=\"222\">100% prote\u00edna animal hidrolizada<\/strong>, este alimento est\u00e1 especialmente dise\u00f1ado para perros adultos que necesitan un cuidado digestivo avanzado.<br data-start=\"330\" data-end=\"333\" \/>Su receta <strong data-start=\"343\" data-end=\"359\">sin cereales<\/strong> favorece la digesti\u00f3n y ayuda a reducir intolerancias alimentarias, aportando todos los nutrientes esenciales para mantener la vitalidad y bienestar de tu perro.<\/p>\n<p data-start=\"525\" data-end=\"550\">Beneficios principales:<\/p>\n<ul data-start=\"551\" data-end=\"807\">\n<li data-start=\"551\" data-end=\"636\">\n<p data-start=\"553\" data-end=\"636\"><strong data-start=\"553\" data-end=\"586\">Microbioma intestinal nutrido<\/strong>: favorece el equilibrio de la flora intestinal.<\/p>\n<\/li>\n<li data-start=\"637\" data-end=\"722\">\n<p data-start=\"639\" data-end=\"722\"><strong data-start=\"639\" data-end=\"672\">Mejora de la salud intestinal<\/strong>: promueve una digesti\u00f3n m\u00e1s saludable y ligera.<\/p>\n<\/li>\n<li data-start=\"723\" data-end=\"807\">\n<p data-start=\"725\" data-end=\"807\"><strong data-start=\"725\" data-end=\"759\">Defensa inmunitaria intestinal<\/strong>: refuerza las defensas naturales de tu perro.<\/p>\n<\/li>\n<\/ul>\n<p data-start=\"809\" data-end=\"925\">Un pienso completo, saludable y de alta calidad, pensado para garantizar el bienestar digestivo de tu mejor amigo.<\/p>\n","protected":false},"excerpt":{"rendered":"<p>Alimento completo para perros adultos \u2013 Cuidado digestivo gastrointestinal Formulado con 100% prote\u00edna animal hidrolizada, este alimento est\u00e1 especialmente dise\u00f1ado para perros adultos que necesitan un cuidado digestivo avanzado.Su receta sin cereales favorece la digesti\u00f3n y ayuda a reducir intolerancias alimentarias, aportando todos los nutrientes esenciales para mantener la vitalidad y bienestar de tu perro. [&hellip;]<\/p>\n","protected":false},"featured_media":2478,"comment_status":"open","ping_status":"closed","template":"","meta":[],"product_brand":[],"product_cat":[60,42,26,34],"product_tag":[],"class_list":{"0":"post-2479","1":"product","2":"type-product","3":"status-publish","4":"has-post-thumbnail","6":"product_cat-alimentacion-perro","7":"product_cat-gama-peptide","8":"product_cat-perros","9":"product_cat-piensos","10":"has-subscription-plans","12":"first","13":"instock","14":"shipping-taxable","15":"purchasable","16":"product-type-variable"},"_links":{"self":[{"href":"https:\/\/cantorras.es\/en\/wp-json\/wp\/v2\/product\/2479","targetHints":{"allow":["GET"]}}],"collection":[{"href":"https:\/\/cantorras.es\/en\/wp-json\/wp\/v2\/product"}],"about":[{"href":"https:\/\/cantorras.es\/en\/wp-json\/wp\/v2\/types\/product"}],"replies":[{"embeddable":true,"href":"https:\/\/cantorras.es\/en\/wp-json\/wp\/v2\/comments?post=2479"}],"wp:featuredmedia":[{"embeddable":true,"href":"https:\/\/cantorras.es\/en\/wp-json\/wp\/v2\/media\/2478"}],"wp:attachment":[{"href":"https:\/\/cantorras.es\/en\/wp-json\/wp\/v2\/media?parent=2479"}],"wp:term":[{"taxonomy":"product_brand","embeddable":true,"href":"https:\/\/cantorras.es\/en\/wp-json\/wp\/v2\/product_brand?post=2479"},{"taxonomy":"product_cat","embeddable":true,"href":"https:\/\/cantorras.es\/en\/wp-json\/wp\/v2\/product_cat?post=2479"},{"taxonomy":"product_tag","embeddable":true,"href":"https:\/\/cantorras.es\/en\/wp-json\/wp\/v2\/product_tag?post=2479"}],"curies":[{"name":"wp","href":"https:\/\/api.w.org\/{rel}","templated":true}]}}