{"id":3131,"date":"2025-11-20T11:24:45","date_gmt":"2025-11-20T09:24:45","guid":{"rendered":"https:\/\/cantorras.es\/?post_type=product&#038;p=3131"},"modified":"2026-01-15T13:23:37","modified_gmt":"2026-01-15T11:23:37","slug":"camiseta-unisex-can-torras-donde-el-amor-ladra-mas-fuerte","status":"publish","type":"product","link":"https:\/\/cantorras.es\/en\/producto\/camiseta-unisex-can-torras-donde-el-amor-ladra-mas-fuerte\/","title":{"rendered":"Camiseta unisex \u201cCan Torras \u2013 Donde el amor ladra m\u00e1s fuerte\u201d"},"content":{"rendered":"<p>Lleva contigo el esp\u00edritu de Can Torras con esta camiseta unisex de algod\u00f3n suave y de alta calidad. En la parte frontal luce un dise\u00f1o minimalista con el logotipo lineal del centro, y en la espalda una frase que lo dice todo: \u201cDonde el amor ladra m\u00e1s fuerte\u201d, un gui\u00f1o perfecto para quienes viven el amor por los animales de forma aut\u00e9ntica.<\/p>\n<p>Su corte c\u00f3modo y relajado la convierte en una prenda ideal para el d\u00eda a d\u00eda, paseos, actividades al aire libre o simplemente para mostrar tu apoyo a la causa.<\/p>\n<p>Caracter\u00edsticas:<\/p>\n<p>Material: 100% algod\u00f3n suave y resistente<\/p>\n<p>Corte unisex, estilo oversize ligero<\/p>\n<p>Estampado frontal del logotipo \u201cCan Torras\u201d<\/p>\n<p>Frase inspiradora en la espalda<\/p>\n<p>Color: negro<\/p>\n<p>Tacto c\u00f3modo y transpirabilidad<\/p>\n<p>Perfecta para amantes de los animales, voluntarios, adoptantes y todos los que quieren llevar un mensaje bonito a donde vayan.<\/p>\n","protected":false},"excerpt":{"rendered":"<p>Lleva contigo el esp\u00edritu de Can Torras con esta camiseta unisex de algod\u00f3n suave y de alta calidad. En la parte frontal luce un dise\u00f1o minimalista con el logotipo lineal del centro, y en la espalda una frase que lo dice todo: \u201cDonde el amor ladra m\u00e1s fuerte\u201d, un gui\u00f1o perfecto para quienes viven el [&hellip;]<\/p>\n","protected":false},"featured_media":3125,"comment_status":"open","ping_status":"closed","template":"","meta":[],"product_brand":[],"product_cat":[36],"product_tag":[],"class_list":{"0":"post-3131","1":"product","2":"type-product","3":"status-publish","4":"has-post-thumbnail","6":"product_cat-accesorios","7":"has-subscription-plans","9":"first","10":"instock","11":"shipping-taxable","12":"purchasable","13":"product-type-simple"},"_links":{"self":[{"href":"https:\/\/cantorras.es\/en\/wp-json\/wp\/v2\/product\/3131","targetHints":{"allow":["GET"]}}],"collection":[{"href":"https:\/\/cantorras.es\/en\/wp-json\/wp\/v2\/product"}],"about":[{"href":"https:\/\/cantorras.es\/en\/wp-json\/wp\/v2\/types\/product"}],"replies":[{"embeddable":true,"href":"https:\/\/cantorras.es\/en\/wp-json\/wp\/v2\/comments?post=3131"}],"wp:featuredmedia":[{"embeddable":true,"href":"https:\/\/cantorras.es\/en\/wp-json\/wp\/v2\/media\/3125"}],"wp:attachment":[{"href":"https:\/\/cantorras.es\/en\/wp-json\/wp\/v2\/media?parent=3131"}],"wp:term":[{"taxonomy":"product_brand","embeddable":true,"href":"https:\/\/cantorras.es\/en\/wp-json\/wp\/v2\/product_brand?post=3131"},{"taxonomy":"product_cat","embeddable":true,"href":"https:\/\/cantorras.es\/en\/wp-json\/wp\/v2\/product_cat?post=3131"},{"taxonomy":"product_tag","embeddable":true,"href":"https:\/\/cantorras.es\/en\/wp-json\/wp\/v2\/product_tag?post=3131"}],"curies":[{"name":"wp","href":"https:\/\/api.w.org\/{rel}","templated":true}]}}