{"id":492,"date":"2025-10-06T14:47:26","date_gmt":"2025-10-06T14:47:26","guid":{"rendered":"https:\/\/cantorras.es\/?post_type=product&#038;p=492"},"modified":"2026-01-15T13:19:20","modified_gmt":"2026-01-15T11:19:20","slug":"grainfree-salmon-adulto","status":"publish","type":"product","link":"https:\/\/cantorras.es\/en\/producto\/grainfree-salmon-adulto\/","title":{"rendered":"GrainFree Salm\u00f3n Adulto"},"content":{"rendered":"<p data-start=\"823\" data-end=\"912\"><strong data-start=\"827\" data-end=\"910\">Alimento completo para perros adultos \u2013 Salm\u00f3n con trucha, boniato y esp\u00e1rragos<\/strong><\/p>\n<p data-start=\"913\" data-end=\"1277\">Receta natural con un <strong data-start=\"935\" data-end=\"967\">50% total de salm\u00f3n y trucha<\/strong>, de los cuales un <strong data-start=\"986\" data-end=\"1027\">m\u00ednimo del 26% son preparados frescos<\/strong> para garantizar una prote\u00edna de alta calidad y m\u00e1xima palatabilidad. El <strong data-start=\"1100\" data-end=\"1111\">boniato<\/strong> y los <strong data-start=\"1118\" data-end=\"1132\">esp\u00e1rragos<\/strong> aportan fibra y antioxidantes, mientras que el suplemento de <strong data-start=\"1194\" data-end=\"1213\">Omega 3 a\u00f1adido<\/strong> favorece la salud de la piel, el pelaje y las articulaciones.<\/p>\n<p data-start=\"1279\" data-end=\"1308\"><strong data-start=\"1279\" data-end=\"1306\">Beneficios principales:<\/strong><\/p>\n<ul data-start=\"1309\" data-end=\"1521\">\n<li data-start=\"1309\" data-end=\"1382\">\n<p data-start=\"1311\" data-end=\"1382\"><strong data-start=\"1311\" data-end=\"1334\">50% salm\u00f3n y trucha<\/strong>: prote\u00ednas ricas en \u00e1cidos grasos esenciales.<\/p>\n<\/li>\n<li data-start=\"1383\" data-end=\"1453\">\n<p data-start=\"1385\" data-end=\"1453\"><strong data-start=\"1385\" data-end=\"1406\">M\u00ednimo 26% fresco<\/strong>: mayor digestibilidad y calidad nutricional.<\/p>\n<\/li>\n<li data-start=\"1454\" data-end=\"1521\">\n<p data-start=\"1456\" data-end=\"1521\"><strong data-start=\"1456\" data-end=\"1475\">Omega 3 a\u00f1adido<\/strong>: refuerza piel, pelo y sistema inmunitario.<\/p>\n<\/li>\n<\/ul>\n<p data-start=\"1523\" data-end=\"1626\">Un pienso completo, nutritivo y delicioso, pensado para cuidar de la salud global de tu perro adulto.<\/p>\n","protected":false},"excerpt":{"rendered":"<p>Alimento completo para perros adultos \u2013 Salm\u00f3n con trucha, boniato y esp\u00e1rragos Receta natural con un 50% total de salm\u00f3n y trucha, de los cuales un m\u00ednimo del 26% son preparados frescos para garantizar una prote\u00edna de alta calidad y m\u00e1xima palatabilidad. El boniato y los esp\u00e1rragos aportan fibra y antioxidantes, mientras que el suplemento [&hellip;]<\/p>\n","protected":false},"featured_media":2484,"comment_status":"open","ping_status":"closed","template":"","meta":[],"product_brand":[],"product_cat":[60,20,26,34],"product_tag":[22,21],"class_list":{"0":"post-492","1":"product","2":"type-product","3":"status-publish","4":"has-post-thumbnail","6":"product_cat-alimentacion-perro","7":"product_cat-grainfree","8":"product_cat-perros","9":"product_cat-piensos","10":"product_tag-12-kg","11":"product_tag-2-kg","12":"has-subscription-plans","14":"first","15":"instock","16":"shipping-taxable","17":"purchasable","18":"product-type-variable"},"_links":{"self":[{"href":"https:\/\/cantorras.es\/en\/wp-json\/wp\/v2\/product\/492","targetHints":{"allow":["GET"]}}],"collection":[{"href":"https:\/\/cantorras.es\/en\/wp-json\/wp\/v2\/product"}],"about":[{"href":"https:\/\/cantorras.es\/en\/wp-json\/wp\/v2\/types\/product"}],"replies":[{"embeddable":true,"href":"https:\/\/cantorras.es\/en\/wp-json\/wp\/v2\/comments?post=492"}],"wp:featuredmedia":[{"embeddable":true,"href":"https:\/\/cantorras.es\/en\/wp-json\/wp\/v2\/media\/2484"}],"wp:attachment":[{"href":"https:\/\/cantorras.es\/en\/wp-json\/wp\/v2\/media?parent=492"}],"wp:term":[{"taxonomy":"product_brand","embeddable":true,"href":"https:\/\/cantorras.es\/en\/wp-json\/wp\/v2\/product_brand?post=492"},{"taxonomy":"product_cat","embeddable":true,"href":"https:\/\/cantorras.es\/en\/wp-json\/wp\/v2\/product_cat?post=492"},{"taxonomy":"product_tag","embeddable":true,"href":"https:\/\/cantorras.es\/en\/wp-json\/wp\/v2\/product_tag?post=492"}],"curies":[{"name":"wp","href":"https:\/\/api.w.org\/{rel}","templated":true}]}}