{"id":497,"date":"2025-10-06T14:49:44","date_gmt":"2025-10-06T14:49:44","guid":{"rendered":"https:\/\/cantorras.es\/?post_type=product&#038;p=497"},"modified":"2025-12-29T11:52:07","modified_gmt":"2025-12-29T09:52:07","slug":"grainfree-salmon-adulto-copia","status":"publish","type":"product","link":"https:\/\/cantorras.es\/en\/producto\/grainfree-salmon-adulto-copia\/","title":{"rendered":"Superfood 65 Salm\u00f3n Adulto"},"content":{"rendered":"<h3 data-start=\"78\" data-end=\"193\"><strong data-start=\"82\" data-end=\"191\">Alimento completo para perros adultos \u2013 Salm\u00f3n Escoc\u00e9s con eneldo, espinacas, hinojo, esp\u00e1rragos y tomate<\/strong><\/h3>\n<p data-start=\"194\" data-end=\"566\">Receta natural elaborada con <strong data-start=\"223\" data-end=\"240\">65% de salm\u00f3n<\/strong>, de los cuales un <strong data-start=\"259\" data-end=\"312\">m\u00ednimo del 35% es salm\u00f3n escoc\u00e9s preparado fresco<\/strong>. Aporta prote\u00ednas de alta calidad, \u00e1cidos grasos esenciales y un sabor irresistible. La combinaci\u00f3n de <strong data-start=\"416\" data-end=\"466\">eneldo, espinacas, hinojo, esp\u00e1rragos y tomate<\/strong> enriquece la f\u00f3rmula con antioxidantes, vitaminas y minerales que favorecen el bienestar general.<\/p>\n<p data-start=\"568\" data-end=\"597\"><strong data-start=\"568\" data-end=\"595\">Beneficios principales:<\/strong><\/p>\n<ul data-start=\"598\" data-end=\"806\">\n<li data-start=\"598\" data-end=\"670\">\n<p data-start=\"600\" data-end=\"670\"><strong data-start=\"600\" data-end=\"617\">65% de salm\u00f3n<\/strong>: prote\u00edna rica en omega 3 y nutrientes esenciales.<\/p>\n<\/li>\n<li data-start=\"671\" data-end=\"733\">\n<p data-start=\"673\" data-end=\"733\"><strong data-start=\"673\" data-end=\"697\">35% preparado fresco<\/strong>: m\u00e1xima calidad y digestibilidad.<\/p>\n<\/li>\n<li data-start=\"734\" data-end=\"806\">\n<p data-start=\"736\" data-end=\"806\"><strong data-start=\"736\" data-end=\"766\">Ayuda a las articulaciones<\/strong>: ideal para perros activos y adultos.<\/p>\n<\/li>\n<\/ul>\n<p data-start=\"808\" data-end=\"902\">Una receta sabrosa y equilibrada para mantener a tu perro sano, fuerte y lleno de vitalidad.<\/p>\n","protected":false},"excerpt":{"rendered":"<p>Alimento completo para perros adultos \u2013 Salm\u00f3n Escoc\u00e9s con eneldo, espinacas, hinojo, esp\u00e1rragos y tomate Receta natural elaborada con 65% de salm\u00f3n, de los cuales un m\u00ednimo del 35% es salm\u00f3n escoc\u00e9s preparado fresco. Aporta prote\u00ednas de alta calidad, \u00e1cidos grasos esenciales y un sabor irresistible. La combinaci\u00f3n de eneldo, espinacas, hinojo, esp\u00e1rragos y tomate [&hellip;]<\/p>\n","protected":false},"featured_media":2486,"comment_status":"open","ping_status":"closed","template":"","meta":[],"product_brand":[],"product_cat":[60,26,34,27],"product_tag":[22],"class_list":{"0":"post-497","1":"product","2":"type-product","3":"status-publish","4":"has-post-thumbnail","6":"product_cat-alimentacion-perro","7":"product_cat-perros","8":"product_cat-piensos","9":"product_cat-superfood-65","10":"product_tag-12-kg","11":"has-subscription-plans","13":"first","14":"instock","15":"shipping-taxable","16":"purchasable","17":"product-type-variable"},"_links":{"self":[{"href":"https:\/\/cantorras.es\/en\/wp-json\/wp\/v2\/product\/497","targetHints":{"allow":["GET"]}}],"collection":[{"href":"https:\/\/cantorras.es\/en\/wp-json\/wp\/v2\/product"}],"about":[{"href":"https:\/\/cantorras.es\/en\/wp-json\/wp\/v2\/types\/product"}],"replies":[{"embeddable":true,"href":"https:\/\/cantorras.es\/en\/wp-json\/wp\/v2\/comments?post=497"}],"wp:featuredmedia":[{"embeddable":true,"href":"https:\/\/cantorras.es\/en\/wp-json\/wp\/v2\/media\/2486"}],"wp:attachment":[{"href":"https:\/\/cantorras.es\/en\/wp-json\/wp\/v2\/media?parent=497"}],"wp:term":[{"taxonomy":"product_brand","embeddable":true,"href":"https:\/\/cantorras.es\/en\/wp-json\/wp\/v2\/product_brand?post=497"},{"taxonomy":"product_cat","embeddable":true,"href":"https:\/\/cantorras.es\/en\/wp-json\/wp\/v2\/product_cat?post=497"},{"taxonomy":"product_tag","embeddable":true,"href":"https:\/\/cantorras.es\/en\/wp-json\/wp\/v2\/product_tag?post=497"}],"curies":[{"name":"wp","href":"https:\/\/api.w.org\/{rel}","templated":true}]}}