{"id":523,"date":"2025-10-06T15:30:16","date_gmt":"2025-10-06T15:30:16","guid":{"rendered":"https:\/\/cantorras.es\/?post_type=product&#038;p=523"},"modified":"2026-01-15T13:11:53","modified_gmt":"2026-01-15T11:11:53","slug":"superfood-65-pollo-de-corral-adulto","status":"publish","type":"product","link":"https:\/\/cantorras.es\/en\/producto\/superfood-65-pollo-de-corral-adulto\/","title":{"rendered":"Superfood 65 Pollo de corral adulto"},"content":{"rendered":"<h3 data-start=\"909\" data-end=\"1030\"><strong data-start=\"913\" data-end=\"1028\">Alimento completo para perros adultos \u2013 Pollo de corral con jengibre, granada, col rizada, alcachofa y ar\u00e1ndano<\/strong><\/h3>\n<p data-start=\"1031\" data-end=\"1401\">Formulado con <strong data-start=\"1045\" data-end=\"1061\">65% de pollo<\/strong>, incluyendo un <strong data-start=\"1077\" data-end=\"1131\">m\u00ednimo del 35% de pollo de corral preparado fresco<\/strong>, este pienso ofrece prote\u00ednas de gran calidad y alta digestibilidad. Los ingredientes naturales como el <strong data-start=\"1236\" data-end=\"1291\">jengibre, granada, col rizada, alcachofa y ar\u00e1ndano<\/strong> aportan antioxidantes, vitaminas y fibra para apoyar la salud digestiva, inmunitaria y general de tu perro.<\/p>\n<p data-start=\"1403\" data-end=\"1432\"><strong data-start=\"1403\" data-end=\"1430\">Beneficios principales:<\/strong><\/p>\n<ul data-start=\"1433\" data-end=\"1644\">\n<li data-start=\"1433\" data-end=\"1494\">\n<p data-start=\"1435\" data-end=\"1494\"><strong data-start=\"1435\" data-end=\"1461\">65% de pollo de corral<\/strong>: prote\u00edna sabrosa y nutritiva.<\/p>\n<\/li>\n<li data-start=\"1495\" data-end=\"1563\">\n<p data-start=\"1497\" data-end=\"1563\"><strong data-start=\"1497\" data-end=\"1521\">35% preparado fresco<\/strong>: fuente de prote\u00ednas de m\u00e1xima calidad.<\/p>\n<\/li>\n<li data-start=\"1564\" data-end=\"1644\">\n<p data-start=\"1566\" data-end=\"1644\"><strong data-start=\"1566\" data-end=\"1596\">Ayuda a las articulaciones<\/strong>: favorece la movilidad y el bienestar f\u00edsico.<\/p>\n<\/li>\n<\/ul>\n<p data-start=\"1646\" data-end=\"1766\">Una receta natural y equilibrada que combina lo mejor del pollo de corral con superalimentos para un cuidado integral.<\/p>\n","protected":false},"excerpt":{"rendered":"<p>Alimento completo para perros adultos \u2013 Pollo de corral con jengibre, granada, col rizada, alcachofa y ar\u00e1ndano Formulado con 65% de pollo, incluyendo un m\u00ednimo del 35% de pollo de corral preparado fresco, este pienso ofrece prote\u00ednas de gran calidad y alta digestibilidad. Los ingredientes naturales como el jengibre, granada, col rizada, alcachofa y ar\u00e1ndano [&hellip;]<\/p>\n","protected":false},"featured_media":2487,"comment_status":"open","ping_status":"closed","template":"","meta":[],"product_brand":[],"product_cat":[60,26,34,27],"product_tag":[22,21],"class_list":{"0":"post-523","1":"product","2":"type-product","3":"status-publish","4":"has-post-thumbnail","6":"product_cat-alimentacion-perro","7":"product_cat-perros","8":"product_cat-piensos","9":"product_cat-superfood-65","10":"product_tag-12-kg","11":"product_tag-2-kg","12":"has-subscription-plans","14":"first","15":"instock","16":"shipping-taxable","17":"purchasable","18":"product-type-variable"},"_links":{"self":[{"href":"https:\/\/cantorras.es\/en\/wp-json\/wp\/v2\/product\/523","targetHints":{"allow":["GET"]}}],"collection":[{"href":"https:\/\/cantorras.es\/en\/wp-json\/wp\/v2\/product"}],"about":[{"href":"https:\/\/cantorras.es\/en\/wp-json\/wp\/v2\/types\/product"}],"replies":[{"embeddable":true,"href":"https:\/\/cantorras.es\/en\/wp-json\/wp\/v2\/comments?post=523"}],"wp:featuredmedia":[{"embeddable":true,"href":"https:\/\/cantorras.es\/en\/wp-json\/wp\/v2\/media\/2487"}],"wp:attachment":[{"href":"https:\/\/cantorras.es\/en\/wp-json\/wp\/v2\/media?parent=523"}],"wp:term":[{"taxonomy":"product_brand","embeddable":true,"href":"https:\/\/cantorras.es\/en\/wp-json\/wp\/v2\/product_brand?post=523"},{"taxonomy":"product_cat","embeddable":true,"href":"https:\/\/cantorras.es\/en\/wp-json\/wp\/v2\/product_cat?post=523"},{"taxonomy":"product_tag","embeddable":true,"href":"https:\/\/cantorras.es\/en\/wp-json\/wp\/v2\/product_tag?post=523"}],"curies":[{"name":"wp","href":"https:\/\/api.w.org\/{rel}","templated":true}]}}