{"id":533,"date":"2025-10-06T15:38:42","date_gmt":"2025-10-06T15:38:42","guid":{"rendered":"https:\/\/cantorras.es\/?post_type=product&#038;p=533"},"modified":"2026-01-15T13:14:49","modified_gmt":"2026-01-15T11:14:49","slug":"sp-salmon-itcheeze","status":"publish","type":"product","link":"https:\/\/cantorras.es\/en\/producto\/sp-salmon-itcheeze\/","title":{"rendered":"SP Salm\u00f3n ItchEeze"},"content":{"rendered":"<p data-start=\"85\" data-end=\"169\"><strong data-start=\"85\" data-end=\"167\">Alimento completo para perros adultos \u2013 Salm\u00f3n con trucha, patata e Itch-Eeze\u00ae<\/strong><\/p>\n<p data-start=\"171\" data-end=\"418\">Este pienso premium combina el mejor <strong data-start=\"208\" data-end=\"227\">salm\u00f3n y trucha<\/strong> con patata como fuente de energ\u00eda de f\u00e1cil digesti\u00f3n. Con un <strong data-start=\"289\" data-end=\"313\">45% de pescado total<\/strong>, aporta prote\u00ednas de alta calidad y \u00e1cidos grasos esenciales para una piel sana y un pelaje brillante.<\/p>\n<p data-start=\"420\" data-end=\"674\">Incluye <strong data-start=\"428\" data-end=\"442\">Itch-Eeze\u00ae<\/strong>, un extracto natural especialmente dise\u00f1ado para favorecer la salud de la piel y aliviar posibles molestias d\u00e9rmicas. Adem\u00e1s, su f\u00f3rmula refuerza el <strong data-start=\"592\" data-end=\"616\">sistema inmunol\u00f3gico<\/strong>, contribuyendo al bienestar general de tu perro adulto.<\/p>\n<p data-start=\"676\" data-end=\"700\">Beneficios destacados:<\/p>\n<ul data-start=\"701\" data-end=\"914\">\n<li data-start=\"701\" data-end=\"766\">\n<p data-start=\"703\" data-end=\"766\"><strong data-start=\"703\" data-end=\"727\">45% de pescado total<\/strong>: fuente rica en prote\u00ednas y omega 3.<\/p>\n<\/li>\n<li data-start=\"767\" data-end=\"828\">\n<p data-start=\"769\" data-end=\"828\"><strong data-start=\"769\" data-end=\"783\">Itch-Eeze\u00ae<\/strong>: soporte natural para la salud de la piel.<\/p>\n<\/li>\n<li data-start=\"829\" data-end=\"914\">\n<p data-start=\"831\" data-end=\"914\"><strong data-start=\"831\" data-end=\"865\">Sistema inmunol\u00f3gico reforzado<\/strong>: ayuda a proteger frente a agresores externos.<\/p>\n<\/li>\n<\/ul>\n<p data-start=\"916\" data-end=\"1019\">Una receta deliciosa y saludable, ideal para perros adultos que merecen lo mejor en nutrici\u00f3n diaria.<\/p>\n","protected":false},"excerpt":{"rendered":"<p>Alimento completo para perros adultos \u2013 Salm\u00f3n con trucha, patata e Itch-Eeze\u00ae Este pienso premium combina el mejor salm\u00f3n y trucha con patata como fuente de energ\u00eda de f\u00e1cil digesti\u00f3n. Con un 45% de pescado total, aporta prote\u00ednas de alta calidad y \u00e1cidos grasos esenciales para una piel sana y un pelaje brillante. Incluye Itch-Eeze\u00ae, [&hellip;]<\/p>\n","protected":false},"featured_media":2482,"comment_status":"open","ping_status":"closed","template":"","meta":[],"product_brand":[],"product_cat":[60,26,34,31],"product_tag":[33],"class_list":{"0":"post-533","1":"product","2":"type-product","3":"status-publish","4":"has-post-thumbnail","6":"product_cat-alimentacion-perro","7":"product_cat-perros","8":"product_cat-piensos","9":"product_cat-superpremium","10":"product_tag-1-5-kg","11":"has-subscription-plans","13":"first","14":"instock","15":"shipping-taxable","16":"purchasable","17":"product-type-variable"},"_links":{"self":[{"href":"https:\/\/cantorras.es\/en\/wp-json\/wp\/v2\/product\/533","targetHints":{"allow":["GET"]}}],"collection":[{"href":"https:\/\/cantorras.es\/en\/wp-json\/wp\/v2\/product"}],"about":[{"href":"https:\/\/cantorras.es\/en\/wp-json\/wp\/v2\/types\/product"}],"replies":[{"embeddable":true,"href":"https:\/\/cantorras.es\/en\/wp-json\/wp\/v2\/comments?post=533"}],"wp:featuredmedia":[{"embeddable":true,"href":"https:\/\/cantorras.es\/en\/wp-json\/wp\/v2\/media\/2482"}],"wp:attachment":[{"href":"https:\/\/cantorras.es\/en\/wp-json\/wp\/v2\/media?parent=533"}],"wp:term":[{"taxonomy":"product_brand","embeddable":true,"href":"https:\/\/cantorras.es\/en\/wp-json\/wp\/v2\/product_brand?post=533"},{"taxonomy":"product_cat","embeddable":true,"href":"https:\/\/cantorras.es\/en\/wp-json\/wp\/v2\/product_cat?post=533"},{"taxonomy":"product_tag","embeddable":true,"href":"https:\/\/cantorras.es\/en\/wp-json\/wp\/v2\/product_tag?post=533"}],"curies":[{"name":"wp","href":"https:\/\/api.w.org\/{rel}","templated":true}]}}