{"id":536,"date":"2025-10-06T15:46:20","date_gmt":"2025-10-06T15:46:20","guid":{"rendered":"https:\/\/cantorras.es\/?post_type=product&#038;p=536"},"modified":"2025-11-24T18:35:06","modified_gmt":"2025-11-24T16:35:06","slug":"bocaditos-de-atun","status":"publish","type":"product","link":"https:\/\/cantorras.es\/en\/producto\/bocaditos-de-atun\/","title":{"rendered":"Bocaditos de At\u00fan"},"content":{"rendered":"<p>\u00a1Deleita a tu mejor amigo peludo con nuestros irresistibles bocaditos de at\u00fan! Elaborados cuidadosamente mediante un exclusivo proceso de deshidrataci\u00f3n INFRARED PROTECTION a bajas temperaturas, conservamos todos los nutrientes esenciales para brindar una experiencia sensorial \u00fanica a tus mascotas.<\/p>\n<p>Estos snacks naturales para perros y gatos son el placer perfecto para sus paladares exigentes. Adem\u00e1s de ser deliciosos, tienen beneficios extraordinarios para su bienestar:<\/p>\n<ul>\n<li><strong>Eliminaci\u00f3n del estr\u00e9s:<\/strong>\u00a0Cada bocado ayuda a calmar y relajar a tu mascota, reduciendo el estr\u00e9s diario.<\/li>\n<li><strong>Fortalecimiento mental:<\/strong>\u00a0Estimula su mente y los mantiene activos, fomentando un estado mental saludable.<\/li>\n<li><strong>Entretenimiento duradero:<\/strong>\u00a0Mant\u00e9n a tu peludo entretenido y feliz durante horas.<\/li>\n<li><strong>Salud cut\u00e1nea y capilar:<\/strong>\u00a0Fortalece su piel, mejora la calidad del pelaje y les da un aspecto radiante.<\/li>\n<li><strong>Higiene dental:<\/strong>\u00a0Contribuye a la eliminaci\u00f3n del sarro y fortalece sus dientes para una salud bucal \u00f3ptima.<\/li>\n<li><strong>Rico en omega 3 y omega 6:<\/strong>\u00a0Proporciona \u00e1cidos grasos esenciales para mantener la salud cardiovascular y promover un sistema inmunol\u00f3gico fuerte.<\/li>\n<\/ul>\n<p>\u00a1Dale a tu compa\u00f1ero peludo el regalo de sabor y bienestar con nuestros bocaditos de at\u00fan, la opci\u00f3n natural y deliciosa para consentirlos!<\/p>\n","protected":false},"excerpt":{"rendered":"<p>\u00a1Deleita a tu mejor amigo peludo con nuestros irresistibles bocaditos de at\u00fan! Elaborados cuidadosamente mediante un exclusivo proceso de deshidrataci\u00f3n INFRARED PROTECTION a bajas temperaturas, conservamos todos los nutrientes esenciales para brindar una experiencia sensorial \u00fanica a tus mascotas. Estos snacks naturales para perros y gatos son el placer perfecto para sus paladares exigentes. Adem\u00e1s [&hellip;]<\/p>\n","protected":false},"featured_media":537,"comment_status":"open","ping_status":"closed","template":"","meta":[],"product_brand":[],"product_cat":[26,35],"product_tag":[],"class_list":{"0":"post-536","1":"product","2":"type-product","3":"status-publish","4":"has-post-thumbnail","6":"product_cat-perros","7":"product_cat-snacks","8":"has-subscription-plans","10":"first","11":"instock","12":"shipping-taxable","13":"purchasable","14":"product-type-variable"},"_links":{"self":[{"href":"https:\/\/cantorras.es\/en\/wp-json\/wp\/v2\/product\/536","targetHints":{"allow":["GET"]}}],"collection":[{"href":"https:\/\/cantorras.es\/en\/wp-json\/wp\/v2\/product"}],"about":[{"href":"https:\/\/cantorras.es\/en\/wp-json\/wp\/v2\/types\/product"}],"replies":[{"embeddable":true,"href":"https:\/\/cantorras.es\/en\/wp-json\/wp\/v2\/comments?post=536"}],"wp:featuredmedia":[{"embeddable":true,"href":"https:\/\/cantorras.es\/en\/wp-json\/wp\/v2\/media\/537"}],"wp:attachment":[{"href":"https:\/\/cantorras.es\/en\/wp-json\/wp\/v2\/media?parent=536"}],"wp:term":[{"taxonomy":"product_brand","embeddable":true,"href":"https:\/\/cantorras.es\/en\/wp-json\/wp\/v2\/product_brand?post=536"},{"taxonomy":"product_cat","embeddable":true,"href":"https:\/\/cantorras.es\/en\/wp-json\/wp\/v2\/product_cat?post=536"},{"taxonomy":"product_tag","embeddable":true,"href":"https:\/\/cantorras.es\/en\/wp-json\/wp\/v2\/product_tag?post=536"}],"curies":[{"name":"wp","href":"https:\/\/api.w.org\/{rel}","templated":true}]}}