{"id":552,"date":"2025-10-06T15:59:30","date_gmt":"2025-10-06T15:59:30","guid":{"rendered":"https:\/\/cantorras.es\/?post_type=product&#038;p=552"},"modified":"2025-10-22T18:35:26","modified_gmt":"2025-10-22T16:35:26","slug":"arnes-bubs-xl","status":"publish","type":"product","link":"https:\/\/cantorras.es\/en\/producto\/arnes-bubs-xl\/","title":{"rendered":"Arnes Bubs XL"},"content":{"rendered":"<p>\u00a1Conoce el S\u00faper Arn\u00e9s Non-Pull de Nylon Bub&#8217;s para Paseos a Todo Relax!<\/p>\n<p>\u00bfEst\u00e1s listo para hacer los paseos con tu amigo peludo m\u00e1s geniales que nunca? Pues aqu\u00ed est\u00e1 el Arn\u00e9s de Nylon\u00a0Non-pull\u00a0de Bub&#8217;s, dise\u00f1ado especialmente para convertir tus paseos en momentos incre\u00edbles de uni\u00f3n. Olv\u00eddate de los problemas de piel, alergias o de esas correas inc\u00f3modas. \u00a1Te explicamos todas las ventajas de este producto!<\/p>\n<p>\u00bfPreparados para llevar los paseos al siguiente nivel con el Arn\u00e9s de Nylon Non-Pull Bub&#8217;s? \u00danete al team de due\u00f1os felices que han descubierto lo bueno de los paseos sin estr\u00e9s y mascotas felices. No lo pienses m\u00e1s y c\u00f3mpralo ya para ver c\u00f3mo cambia el juego con Bub&#8217;s. \u00a1Vamos a pasear!<\/p>\n","protected":false},"excerpt":{"rendered":"<p>\u00a1Conoce el S\u00faper Arn\u00e9s Non-Pull de Nylon Bub&#8217;s para Paseos a Todo Relax! \u00bfEst\u00e1s listo para hacer los paseos con tu amigo peludo m\u00e1s geniales que nunca? Pues aqu\u00ed est\u00e1 el Arn\u00e9s de Nylon\u00a0Non-pull\u00a0de Bub&#8217;s, dise\u00f1ado especialmente para convertir tus paseos en momentos incre\u00edbles de uni\u00f3n. Olv\u00eddate de los problemas de piel, alergias o de [&hellip;]<\/p>\n","protected":false},"featured_media":553,"comment_status":"open","ping_status":"closed","template":"","meta":[],"product_brand":[],"product_cat":[36,26],"product_tag":[],"class_list":{"0":"post-552","1":"product","2":"type-product","3":"status-publish","4":"has-post-thumbnail","6":"product_cat-accesorios","7":"product_cat-perros","8":"has-subscription-plans","10":"first","11":"instock","12":"shipping-taxable","13":"purchasable","14":"product-type-variable"},"_links":{"self":[{"href":"https:\/\/cantorras.es\/en\/wp-json\/wp\/v2\/product\/552","targetHints":{"allow":["GET"]}}],"collection":[{"href":"https:\/\/cantorras.es\/en\/wp-json\/wp\/v2\/product"}],"about":[{"href":"https:\/\/cantorras.es\/en\/wp-json\/wp\/v2\/types\/product"}],"replies":[{"embeddable":true,"href":"https:\/\/cantorras.es\/en\/wp-json\/wp\/v2\/comments?post=552"}],"wp:featuredmedia":[{"embeddable":true,"href":"https:\/\/cantorras.es\/en\/wp-json\/wp\/v2\/media\/553"}],"wp:attachment":[{"href":"https:\/\/cantorras.es\/en\/wp-json\/wp\/v2\/media?parent=552"}],"wp:term":[{"taxonomy":"product_brand","embeddable":true,"href":"https:\/\/cantorras.es\/en\/wp-json\/wp\/v2\/product_brand?post=552"},{"taxonomy":"product_cat","embeddable":true,"href":"https:\/\/cantorras.es\/en\/wp-json\/wp\/v2\/product_cat?post=552"},{"taxonomy":"product_tag","embeddable":true,"href":"https:\/\/cantorras.es\/en\/wp-json\/wp\/v2\/product_tag?post=552"}],"curies":[{"name":"wp","href":"https:\/\/api.w.org\/{rel}","templated":true}]}}