{"id":559,"date":"2025-10-06T16:04:36","date_gmt":"2025-10-06T16:04:36","guid":{"rendered":"https:\/\/cantorras.es\/?post_type=product&#038;p=559"},"modified":"2025-10-21T16:14:01","modified_gmt":"2025-10-21T14:14:01","slug":"arnes-bubs-grande","status":"publish","type":"product","link":"https:\/\/cantorras.es\/en\/producto\/arnes-bubs-grande\/","title":{"rendered":"Arnes Bub\u00b4s Grande"},"content":{"rendered":"<p>\u00a1Dile adi\u00f3s a los tirones y hola a paseos llenos de amor con el Arn\u00e9s Bub&#8217;s!<\/p>\n<p><strong>No M\u00e1s Tirones:<\/strong>\u00a0Imagina un paseo donde cada paso es suave, sin tirones inc\u00f3modos. Con el Arn\u00e9s Bub&#8217;s, esto no es un sue\u00f1o, \u00a1es una realidad! Engancha la correa en la anilla bajo el cuello, y ver\u00e1s c\u00f3mo esos molestos tirones desaparecen.<\/p>\n<p><strong>Posici\u00f3n de Amor:<\/strong>\u00a0La magia est\u00e1 en la posici\u00f3n. Engancha la correa bajo el cuello para un paseo tranquilo y sin estr\u00e9s. Pero aqu\u00ed est\u00e1 el truco: \u00a1puedes alternar con la anilla del lomo para resultados a\u00fan mejores! Dale a tu peludo amigo la libertad de acostumbrarse poco a poco para que cada paseo sea un abrazo, no una lucha.<\/p>\n<p><strong>Arneses que Entienden a tu Peludo:<\/strong>\u00a0\u00bfEstresa a tu perro cambiar de anilla? \u00a1No m\u00e1s preocupaciones! Nuestros arneses tienen dos anillas para que puedas alternar sin estr\u00e9s. Deja que se acostumbre a la anilla bajo el cuello, donde cada paseo ser\u00e1 una experiencia serena y sin tirones.<\/p>\n<p><strong>Medidas que se Ajustan a Cada Peludo:<\/strong>\u00a0Sabemos que cada peludo es \u00fanico. Por eso, nuestros arneses vienen en tres tallas pensadas para abrazar a perros grandes, medianos y peque\u00f1os. Porque todos merecen sentirse c\u00f3modos y amados en sus paseos.<\/p>\n<p><strong>Calidad que Brilla:<\/strong>\u00a0Detr\u00e1s de cada costura reforzada, uni\u00f3n termosoldada, bordado exclusivo y dise\u00f1o anat\u00f3mico est\u00e1 el amor de Bub&#8217;s. Nuestros arneses no solo son c\u00f3modos, sino que tambi\u00e9n son resistentes al agua y la suciedad. \u00bfPreocupado por el pelaje de tu amigo? \u00a1No hay problema! No da\u00f1a el pelo, solo lo abraza con amor.<\/p>\n<p><strong>Hechos con Calidad Madi in Europe:<\/strong>\u00a0Porque tu peludo merece lo mejor, nuestros arneses son hechos con calidad Madi in Europe. Esto significa que cada detalle est\u00e1 cuidadosamente pensado y fabricado con amor y expertise europeo.<\/p>\n<p>\u00a1\u00danete a la revoluci\u00f3n sin tirones con el Arn\u00e9s Bub&#8217;s! Hacemos paseos m\u00e1s que simples, los hacemos momentos especiales llenos de amor y conexi\u00f3n. \ud83d\udc3e\ud83d\udc96<\/p>\n","protected":false},"excerpt":{"rendered":"<p>\u00a1Dile adi\u00f3s a los tirones y hola a paseos llenos de amor con el Arn\u00e9s Bub&#8217;s! No M\u00e1s Tirones:\u00a0Imagina un paseo donde cada paso es suave, sin tirones inc\u00f3modos. Con el Arn\u00e9s Bub&#8217;s, esto no es un sue\u00f1o, \u00a1es una realidad! Engancha la correa en la anilla bajo el cuello, y ver\u00e1s c\u00f3mo esos molestos [&hellip;]<\/p>\n","protected":false},"featured_media":560,"comment_status":"open","ping_status":"closed","template":"","meta":[],"product_brand":[],"product_cat":[36,26],"product_tag":[],"class_list":{"0":"post-559","1":"product","2":"type-product","3":"status-publish","4":"has-post-thumbnail","6":"product_cat-accesorios","7":"product_cat-perros","9":"first","10":"instock","11":"shipping-taxable","12":"purchasable","13":"product-type-variable"},"_links":{"self":[{"href":"https:\/\/cantorras.es\/en\/wp-json\/wp\/v2\/product\/559","targetHints":{"allow":["GET"]}}],"collection":[{"href":"https:\/\/cantorras.es\/en\/wp-json\/wp\/v2\/product"}],"about":[{"href":"https:\/\/cantorras.es\/en\/wp-json\/wp\/v2\/types\/product"}],"replies":[{"embeddable":true,"href":"https:\/\/cantorras.es\/en\/wp-json\/wp\/v2\/comments?post=559"}],"wp:featuredmedia":[{"embeddable":true,"href":"https:\/\/cantorras.es\/en\/wp-json\/wp\/v2\/media\/560"}],"wp:attachment":[{"href":"https:\/\/cantorras.es\/en\/wp-json\/wp\/v2\/media?parent=559"}],"wp:term":[{"taxonomy":"product_brand","embeddable":true,"href":"https:\/\/cantorras.es\/en\/wp-json\/wp\/v2\/product_brand?post=559"},{"taxonomy":"product_cat","embeddable":true,"href":"https:\/\/cantorras.es\/en\/wp-json\/wp\/v2\/product_cat?post=559"},{"taxonomy":"product_tag","embeddable":true,"href":"https:\/\/cantorras.es\/en\/wp-json\/wp\/v2\/product_tag?post=559"}],"curies":[{"name":"wp","href":"https:\/\/api.w.org\/{rel}","templated":true}]}}